{"id":373,"date":"2023-02-12T19:32:05","date_gmt":"2023-02-12T19:32:05","guid":{"rendered":"https:\/\/thomas-kollowa.de\/?page_id=373"},"modified":"2023-02-13T20:26:23","modified_gmt":"2023-02-13T19:26:23","slug":"impressum","status":"publish","type":"page","link":"https:\/\/thomas-kollowa.de\/?page_id=373","title":{"rendered":"Impressum"},"content":{"rendered":"<div id=\"pl-373\"  class=\"panel-layout\" ><div id=\"pg-373-0\"  class=\"panel-grid panel-no-style\" ><div id=\"pgc-373-0-0\"  class=\"panel-grid-cell\" ><div id=\"panel-373-0-0-0\" class=\"so-panel widget widget_black-studio-tinymce widget_black_studio_tinymce panel-first-child panel-last-child\" data-index=\"0\" ><h3 class=\"widget-title\">Impressum<\/h3><div class=\"textwidget\"><p>Angaben gem\u00e4\u00df \u00a75 TMG:<\/p>\n<p>Kleintierpraxis Dr. Thomas Kollowa<br \/>\nStubenrauchstr. 86<br \/>\n15732 Eichwalde<\/p>\n<p>Tel: 030-6758657<br \/>\ne-mail: <a href=\"mailto:thomas.kollowa@t-online.de\">thomas.kollowa@t-online.de<\/a><\/p>\n<p>USt-IdNr.: DE138572775<\/p>\n<p>Aufsichtsbeh\u00f6rde<\/p>\n<p>Landestier\u00e4rztekammer Brandenburg<br \/>\nK\u00f6rperschaft des \u00f6ffentlichen Rechts<br \/>\nM\u00fcllroser Chaussee 50<br \/>\n15236 Frankfurt\/Oder<br \/>\nhttp:\/\/www.ltk-brandenburg.de<\/p>\n<p>Berufsbezeichnung: \u00a0\u00a0 Tierarzt<br \/>\nVerliehen durch:\u00a0\u00a0 \u00a0\u00a0\u00a0 \u00a0 Deutschland<br \/>\nZust\u00e4ndige Kammer:\u00a0\u00a0 Landestier\u00e4rztekammer Brandenburg<br \/>\nEs gelten folgende berufsrechtliche Regelungen: Berufsordnung der LTK Brandenburg,<br \/>\neinzusehen bei der zust\u00e4ndigen Beh\u00f6rde oder unter http:\/\/www.ltk-brandenburg.de<\/p>\n<p>Berufshaftpflicht<\/p>\n<p>Alte Leipziger<br \/>\nAlte Leipziger-Platz 1<br \/>\n61440 Oberursel\/Taunus<\/p>\n<\/div><\/div><\/div><\/div><\/div>","protected":false},"excerpt":{"rendered":"<p>Angaben gem\u00e4\u00df \u00a75 TMG: Kleintierpraxis Dr. Thomas Kollowa Stubenrauchstr. 86 15732 Eichwalde Tel: 030-6758657 e-mail: thomas.kollowa@t-online.de USt-IdNr.: DE138572775 Aufsichtsbeh\u00f6rde Landestier\u00e4rztekammer Brandenburg K\u00f6rperschaft des \u00f6ffentlichen Rechts M\u00fcllroser Chaussee 50 15236 Frankfurt\/Oder [&hellip;]<\/p>\n<a class=\"readmore-button\" href=\"https:\/\/thomas-kollowa.de\/?page_id=373\"> Read More<\/a>","protected":false},"author":1,"featured_media":65,"parent":0,"menu_order":0,"comment_status":"closed","ping_status":"closed","template":"","meta":{"footnotes":""},"class_list":["post-373","page","type-page","status-publish","has-post-thumbnail","hentry"],"_links":{"self":[{"href":"https:\/\/thomas-kollowa.de\/index.php?rest_route=\/wp\/v2\/pages\/373","targetHints":{"allow":["GET"]}}],"collection":[{"href":"https:\/\/thomas-kollowa.de\/index.php?rest_route=\/wp\/v2\/pages"}],"about":[{"href":"https:\/\/thomas-kollowa.de\/index.php?rest_route=\/wp\/v2\/types\/page"}],"author":[{"embeddable":true,"href":"https:\/\/thomas-kollowa.de\/index.php?rest_route=\/wp\/v2\/users\/1"}],"replies":[{"embeddable":true,"href":"https:\/\/thomas-kollowa.de\/index.php?rest_route=%2Fwp%2Fv2%2Fcomments&post=373"}],"version-history":[{"count":2,"href":"https:\/\/thomas-kollowa.de\/index.php?rest_route=\/wp\/v2\/pages\/373\/revisions"}],"predecessor-version":[{"id":477,"href":"https:\/\/thomas-kollowa.de\/index.php?rest_route=\/wp\/v2\/pages\/373\/revisions\/477"}],"wp:featuredmedia":[{"embeddable":true,"href":"https:\/\/thomas-kollowa.de\/index.php?rest_route=\/wp\/v2\/media\/65"}],"wp:attachment":[{"href":"https:\/\/thomas-kollowa.de\/index.php?rest_route=%2Fwp%2Fv2%2Fmedia&parent=373"}],"curies":[{"name":"wp","href":"https:\/\/api.w.org\/{rel}","templated":true}]}}